{"id":5333,"date":"2021-04-11T18:03:39","date_gmt":"2021-04-11T16:03:39","guid":{"rendered":"https:\/\/oekocup.de\/privatliv\/"},"modified":"2023-11-15T12:50:23","modified_gmt":"2023-11-15T11:50:23","slug":"privatliv","status":"publish","type":"page","link":"https:\/\/oekocup.de\/da\/privatliv\/","title":{"rendered":"privatliv"},"content":{"rendered":"\t\t<div data-elementor-type=\"wp-page\" data-elementor-id=\"5333\" class=\"elementor elementor-5333 elementor-3\" data-elementor-post-type=\"page\">\n\t\t\t\t\t\t<section class=\"elementor-section elementor-top-section elementor-element elementor-element-aeafd1d elementor-section-boxed elementor-section-height-default elementor-section-height-default\" data-id=\"aeafd1d\" data-element_type=\"section\" data-e-type=\"section\">\n\t\t\t\t\t\t<div class=\"elementor-container elementor-column-gap-default\">\n\t\t\t\t\t<div class=\"elementor-column elementor-col-100 elementor-top-column elementor-element elementor-element-7dda31a\" data-id=\"7dda31a\" data-element_type=\"column\" data-e-type=\"column\">\n\t\t\t<div class=\"elementor-widget-wrap elementor-element-populated\">\n\t\t\t\t\t\t<div class=\"elementor-element elementor-element-e03decb elementor-widget elementor-widget-text-editor\" data-id=\"e03decb\" data-element_type=\"widget\" data-e-type=\"widget\" data-widget_type=\"text-editor.default\">\n\t\t\t\t\t\t\t\t\t<h1>Data beskyttelse<\/h1>\n<h2>1. Databeskyttelse p\u00e5 et \u00f8jeblik<\/h2>\n<h3>Generel information<\/h3>\n<p>F\u00f8lgende oplysninger giver et simpelt overblik over, hvad der sker med dine personlige data, n\u00e5r du bes\u00f8ger dette websted. Personlige data er alle data, som du personligt kan identificeres med. Detaljerede oplysninger om emnet databeskyttelse kan findes i vores databeskyttelseserkl\u00e6ring, der er anf\u00f8rt nedenfor denne tekst.<\/p>\n<h3>Dataindsamling p\u00e5 dette websted<\/h3>\n<h4>Hvem er ansvarlig for dataindsamlingen p\u00e5 dette websted?<\/h4>\n<p>Databehandlingen p\u00e5 dette websted udf\u00f8res af webstedsoperat\u00f8ren. Du kan finde deres kontaktoplysninger i afsnittet &#8220;Bem\u00e6rkning om det ansvarlige organ&#8221; i denne databeskyttelseserkl\u00e6ring.<\/p>\n<h4>Hvordan indsamler vi dine data?<\/h4>\n<p>P\u00e5 den ene side indsamles dine data, n\u00e5r du leverer dem til os. Dette kan v\u00e6re til. F.eks. Data, som du indtaster i en kontaktformular.<\/p>\n<p>Andre data registreres automatisk eller med dit samtykke, n\u00e5r du bes\u00f8ger webstedet af vores it-systemer. Dette er hovedsagelig tekniske data (f.eks. Internetbrowser, operativsystem eller tidspunktet for siden blev set). Disse data indsamles automatisk, s\u00e5 snart du g\u00e5r ind p\u00e5 dette websted.<\/p>\n<h4>Hvad bruger vi dine data til?<\/h4>\n<p>Nogle af dataene indsamles for at sikre, at hjemmesiden er fejlfri. Andre data kan bruges til at analysere din brugeradf\u00e6rd.<\/p>\n<h4>Hvilke rettigheder har du med hensyn til dine data?<\/h4>\n<p>Du har til enhver tid ret til gratis at modtage oplysninger om oprindelse, modtager og form\u00e5l med dine lagrede personlige data. Du har ogs\u00e5 ret til at anmode om rettelse eller sletning af disse data. Hvis du har givet dit samtykke til databehandling, kan du n\u00e5r som helst tilbagekalde dette samtykke til fremtiden. Du har ogs\u00e5 ret til at anmode om, at behandlingen af dine personlige data begr\u00e6nses under visse omst\u00e6ndigheder. Du har ogs\u00e5 ret til at indgive en klage til den kompetente tilsynsmyndighed.<\/p>\n<p>Du kan n\u00e5r som helst kontakte os, hvis du har yderligere sp\u00f8rgsm\u00e5l om databeskyttelse.<\/p>\n<h2>2. Hosting og indholdsleveringsnetv\u00e6rk (CDN)<\/h2>\n<h3>Ekstern hosting<\/h3>\n<p>Dette websted hostes af en ekstern tjenesteudbyder (v\u00e6rt). De personlige data, der er registreret p\u00e5 dette websted, gemmes p\u00e5 v\u00e6rtsens servere. Dette kan prim\u00e6rt involvere IP-adresser, kontaktanmodninger, meta- og kommunikationsdata, kontraktdata, kontaktoplysninger, navne, webstedsadgang og andre data genereret via et websted.<\/p>\n<p>Hosteren bruges til at opfylde kontrakten med vores potentielle og eksisterende kunder (art. 6 stk. 1 lit. b GDPR) og af hensyn til en sikker, hurtig og effektiv levering af vores onlinetilbud fra en professionel udbyder ( Art. 6 stk. 1 lit. f GDPR).<\/p>\n<p>Vores v\u00e6rt behandler kun dine data, for s\u00e5 vidt dette er n\u00f8dvendigt for at opfylde sine pr\u00e6stationsforpligtelser og f\u00f8lge vores instruktioner med hensyn til disse data.<\/p>\n<p>Vi bruger f\u00f8lgende hostere:<\/p>\n<p>ALL-INKL.COM<br>Hauptstrasse 68<br>02742 Friedersdorf<\/p>\n<h4>Indg\u00e5else af en ordrebehandlingsaftale<\/h4>\n<p>For at sikre databeskyttelsesoverensstemmende behandling har vi indg\u00e5et en ordrebehandlingsaftale med vores v\u00e6rt.<\/p>\n<h2>3. Generel information og obligatorisk information<\/h2>\n<h3>privatliv<\/h3>\n<p>Operat\u00f8rerne af dette websted tager beskyttelsen af dine personlige data meget alvorligt. Vi behandler dine personlige data fortroligt og i overensstemmelse med de lovbestemte databeskyttelsesbestemmelser og denne databeskyttelseserkl\u00e6ring.<\/p>\n<p>N\u00e5r du bruger dette websted, indsamles forskellige personlige data. Personlige data er data, som du personligt kan identificeres med. Denne databeskyttelseserkl\u00e6ring forklarer, hvilke data vi indsamler, og hvad vi bruger dem til. Det forklarer ogs\u00e5, hvordan og til hvilket form\u00e5l dette g\u00f8res.<\/p>\n<p>Vi vil gerne p\u00e5pege, at datatransmission via Internettet (f.eks. N\u00e5r du kommunikerer via e-mail) kan have sikkerhedshuller. En fuldst\u00e6ndig beskyttelse af dataene mod tredjeparts adgang er ikke mulig.<\/p>\n<h3>Bem\u00e6rkning om det ansvarlige organ<\/h3>\n<p>Det ansvarlige organ for databehandling p\u00e5 dette websted er:<\/p>\n<p>moBrands GmbH<br>Rue du Dr. Roux 2<br>13405 Berlin &#8211; Germany<br><\/p>\n<p>Telefon: + 4930-40303919<br>E-mail: mein@oekocup.de<\/p>\n<p>Det ansvarlige organ er den fysiske eller juridiske person, der alene eller sammen med andre beslutter form\u00e5l og midler til behandling af personoplysninger (f.eks. Navne, e-mail-adresser osv.).<\/p>\n<h3>Opbevaringsperiode<\/h3>\n<p>Medmindre der er angivet en bestemt opbevaringsperiode i denne databeskyttelseserkl\u00e6ring, forbliver dine personlige data hos os, indtil form\u00e5let med databehandlingen ikke l\u00e6ngere g\u00e6lder. Hvis du frems\u00e6tter en legitim anmodning om sletning eller tilbagekalder dit samtykke til databehandling, slettes dine data, medmindre vi har andre juridisk tilladte grunde til at gemme dine personlige data (f.eks. Skatte- eller kommercielle opbevaringsperioder); i sidstn\u00e6vnte tilf\u00e6lde sker sletningen, n\u00e5r disse grunde ikke l\u00e6ngere g\u00e6lder.<\/p>\n<h3>Tilbagekaldelse af dit samtykke til databehandling<\/h3>\n<p>Mange databehandlingsoperationer er kun mulige med dit udtrykkelige samtykke. Du kan n\u00e5r som helst tilbagekalde dit samtykke. Lovligheden af databehandlingen, der er udf\u00f8rt f\u00f8r tilbagekaldelsen, forbliver up\u00e5virket af tilbagekaldelsen.<\/p>\n<h3>Ret til at g\u00f8re indsigelse mod indsamling af data i s\u00e6rlige tilf\u00e6lde og til direkte reklame (art. 21 i GDPR)<\/h3>\n<p>HVIS DATABEHANDLINGEN ER BASERET P\u00c5 ART. 6 ABS. 1 LIT. E ELLER F GDPR har du til enhver tid ret til at mods\u00e6tte dig behandlingen af dine personlige data til grunde til din s\u00e6rlige situation; DETTE G\u00c6LDER OGS\u00c5 PROFILERING, BASERET P\u00c5 DISSE BESTEMMELSER. DEN RELEVANTE JURIDISKE GRUNDLAG P\u00c5 HVORDAN BEHANDLING KRAVES, KAN HENVISES I DENNE PRIVATPOLITIK. HVIS DU FORSKRIVER, VIL VI IKKE L\u00c6NGERE BEHANDLE DINE P\u00c5R\u00c5DTE PERSONLIGE DATA, MEDmindre vi kan give obligatoriske grunde til behandling af, at du ejer din interesse, udf\u00f8rer eller overv\u00e5ger rettighederne i henhold til artikel 21, stk. 1, GDPR).<\/p>\n<p>HVIS DINE PERSONLIGE DATA BEHANDLES FOR AT DRIFTE DIREKTE ANNONCERING, HAR DU RET til at til enhver tid g\u00f8re indsigelse mod behandlingen af personlige data til form\u00e5let med s\u00e5dan reklame; DETTE G\u00c6LDER OGS\u00c5 PROFILERING I OMR\u00c5DET I FORBINDELSE MED S\u00c5DAN DIREKTE ANNONCERING. HVIS DU FORM\u00c5LER, VIL DINE PERSONLIGE DATA IKKE L\u00c6GGERE BRUGES TIL FORM\u00c5LET MED DIREKTE ANNONCERING (FORM\u00c5L IHENHENDE ART.<\/p>\n<h3>Ret til at indgive en klage til den kompetente tilsynsmyndighed<\/h3>\n<p>I tilf\u00e6lde af overtr\u00e6delse af GDPR har de registrerede ret til at indgive en klage til en tilsynsmyndighed, is\u00e6r i den medlemsstat, hvor de har sit s\u00e6dvanlige opholdssted, deres arbejdssted eller stedet for den p\u00e5st\u00e5ede overtr\u00e6delse. Retten til at klage findes uden at ber\u00f8re andre administrative eller retlige retsmidler.<\/p>\n<h3>Ret til dataportabilitet<\/h3>\n<p>Du har ret til at f\u00e5 data, som vi behandler automatisk p\u00e5 baggrund af dit samtykke eller i opfyldelse af en kontrakt, der overdrages til dig eller til en tredjepart i et f\u00e6lles, maskinl\u00e6sbart format. Hvis du anmoder om direkte overf\u00f8rsel af data til en anden ansvarlig person, vil dette kun ske, hvis det er teknisk muligt.<\/p>\n<h3>SSL- eller TLS-kryptering<\/h3>\n<p>Af sikkerhedsm\u00e6ssige \u00e5rsager og for at beskytte transmission af fortroligt indhold, s\u00e5som ordrer eller foresp\u00f8rgsler, som du sender til os som webstedsoperat\u00f8r, bruger dette websted SSL- eller TLS-kryptering. Du kan genkende en krypteret forbindelse ved, at browserens adresselinje skifter fra &#8220;http: \/\/&#8221; til &#8220;https: \/\/&#8221; og ved l\u00e5sesymbolet i din browserlinje.<\/p>\n<p>Hvis SSL- eller TLS-kryptering er aktiveret, kan de data, du sender til os, ikke l\u00e6ses af tredjeparter.<\/p>\n<h3>Information, sletning og rettelse<\/h3>\n<p>Inden for rammerne af de g\u00e6ldende lovbestemmelser har du ret til gratis information om dine lagrede personlige data, deres oprindelse og modtager og form\u00e5let med databehandlingen og om n\u00f8dvendigt ret til at rette eller slette disse data. Du kan n\u00e5r som helst kontakte os, hvis du har yderligere sp\u00f8rgsm\u00e5l om personlige oplysninger.<\/p>\n<h3>Ret til begr\u00e6nsning af behandlingen<\/h3>\n<p>Du har ret til at anmode om, at behandlingen af dine personlige data begr\u00e6nses. Du kan n\u00e5r som helst kontakte os til dette form\u00e5l. Retten til begr\u00e6nsning af behandlingen findes i f\u00f8lgende tilf\u00e6lde:<\/p>\n<ul>\n<li>Hvis du bestrider n\u00f8jagtigheden af dine personlige data, der er gemt af os, har vi normalt brug for tid til at kontrollere dette. I l\u00f8bet af testen har du ret til at anmode om, at behandlingen af dine personlige data begr\u00e6nses.<\/li>\n<li>Hvis behandlingen af dine personlige data er sket \/ sker ulovligt, kan du anmode om begr\u00e6nsning af databehandlingen i stedet for sletningen.<\/li>\n<li>Hvis vi ikke l\u00e6ngere har brug for dine personlige data, men du har brug for dem til at ud\u00f8ve, forsvare eller h\u00e6vde juridiske krav, har du ret til at anmode om, at behandlingen af dine personlige data begr\u00e6nses i stedet for at blive slettet.<\/li>\n<li>Hvis du har indsendt en indsigelse i overensstemmelse med artikel 21, stk. 1 GDPR, skal der foretages en balance mellem dine og vores interesser. S\u00e5 l\u00e6nge det endnu ikke er klart, hvilke interesser der hersker, har du ret til at anmode om, at behandlingen af dine personlige data begr\u00e6nses.<\/li>\n<\/ul>\n<p>Hvis du har begr\u00e6nset behandlingen af dine personlige data, kan disse data &#8211; bortset fra deres opbevaring &#8211; kun bruges med dit samtykke eller til etablering, ud\u00f8velse eller forsvar af juridiske krav eller til beskyttelse af en anden fysisk eller juridisk persons rettigheder. eller af grunde af vigtig offentlig interesse behandlet af Den Europ\u00e6iske Union eller et medlemsland.<\/p>\n<h3>Indsigelse mod reklamemails<\/h3>\n<p>Vi protesterer hermed mod brugen af de kontaktdata, der offentligg\u00f8res som en del af aftryksforpligtelsen til at sende uopfordret reklame- og informationsmateriale. Operat\u00f8rerne af siderne forbeholder sig udtrykkeligt retten til at anl\u00e6gge sag i tilf\u00e6lde af uopfordrede annonceringsoplysninger, s\u00e5som spam-e-mails.<\/p>\n<h2>4. Dataindsamling p\u00e5 dette websted<\/h2>\n<h3>Cookies<\/h3>\n<p>Vores internetsider bruger s\u00e5kaldte &#8220;cookies&#8221;. Cookies er sm\u00e5 tekstfiler og for\u00e5rsager ikke skade p\u00e5 din enhed. De gemmes enten midlertidigt i en session (session cookies) eller permanent (permanente cookies) p\u00e5 din enhed. Sessionscookies slettes automatisk efter dit bes\u00f8g. Permanente cookies forbliver gemt p\u00e5 din enhed, indtil du selv sletter dem, eller din webbrowser automatisk sletter dem.<\/p>\n<p>I nogle tilf\u00e6lde kan cookies fra tredjepartsfirmaer ogs\u00e5 gemmes p\u00e5 din enhed, n\u00e5r du g\u00e5r ind p\u00e5 vores websted (tredjepartscookies). Disse g\u00f8r det muligt for os eller dig at bruge visse tredjeparts tjenester (f.eks. Cookies til behandling af betalingstjenester).<\/p>\n<p>Cookies har forskellige funktioner. Talrige cookies er teknisk n\u00f8dvendige, fordi visse webstedsfunktioner ikke fungerer uden dem (fx indk\u00f8bskurvfunktionen eller visningen af videoer). Andre cookies bruges til at evaluere brugeradf\u00e6rd eller til at vise reklamer.<\/p>\n<p>Cookies, der kr\u00e6ves for at udf\u00f8re den elektroniske kommunikationsproces (n\u00f8dvendige cookies) eller for at levere bestemte funktioner, du har brug for (funktionelle cookies, f.eks. Til indk\u00f8bskurvfunktionen) eller for at optimere hjemmesiden (f.eks. Cookies til at m\u00e5le webpublikummet) p\u00e5 basis af artikel 6, stk. 1 lit. f GDPR, medmindre der er givet et andet juridisk grundlag. Webstedsoperat\u00f8ren har en legitim interesse i opbevaring af cookies til teknisk fejlfri og optimeret levering af sine tjenester. Hvis der er anmodet om samtykke til opbevaring af cookies, gemmes de p\u00e5g\u00e6ldende cookies udelukkende p\u00e5 baggrund af dette samtykke (art. 6, stk. 1, litra a GDPR); samtykke kan til enhver tid tilbagekaldes.<\/p>\n<p>Du kan indstille din browser, s\u00e5 du bliver informeret om indstillingen af cookies og kun tillade cookies i individuelle tilf\u00e6lde, udelukke accept af cookies i visse tilf\u00e6lde eller generelt og aktivere automatisk sletning af cookies, n\u00e5r du lukker browseren. Hvis cookies er deaktiveret, kan funktionaliteten p\u00e5 dette websted v\u00e6re begr\u00e6nset.<\/p>\n<p>For s\u00e5 vidt cookies bruges af tredjepartsvirksomheder eller til analyseform\u00e5l, informerer vi dig om dette separat i forbindelse med denne databeskyttelseserkl\u00e6ring og beder om n\u00f8dvendigt om dit samtykke.<\/p>\n<h3>Cookiesamtykke med Consent Manager-udbyder<\/h3>\n<p>Vores hjemmeside bruger cookie-samtykke-teknologien fra Consent Manager-udbyderen til at f\u00e5 dit samtykke til lagring af visse cookies p\u00e5 din enhed og til at dokumentere dem i overensstemmelse med databeskyttelsesbestemmelser. Udbyderen af denne teknologi er Jaohawi AB, H\u00e5ltegelv\u00e4gen 1b, 72348 V\u00e4ster\u00e5s, Sverige, hjemmeside:<a href=\"https:\/\/www.consentmanager.de\" target=\"_blank\" rel=\"noopener noreferrer\"> https:\/\/www.consentmanager.de<\/a> (i det f\u00f8lgende ben\u00e6vnt &#8220;Consent Manager Provider&#8221;).<\/p>\n<p>N\u00e5r du g\u00e5r ind p\u00e5 vores hjemmeside, oprettes der en forbindelse til serverne fra Consent Manager-udbyderen for at f\u00e5 dit samtykke og andre erkl\u00e6ringer om brugen af cookies. Consent Manager-udbyderen gemmer derefter en cookie i din browser for at v\u00e6re i stand til at tildele det samtykke, du har givet, eller tilbagekalde den. De data, der indsamles p\u00e5 denne m\u00e5de, gemmes, indtil du beder os om at slette dem, slette tilladelsesudbyderens cookie selv eller form\u00e5let med datalagring ikke l\u00e6ngere g\u00e6lder. Obligatoriske lovbestemte opbevaringskrav forbliver up\u00e5virket.<\/p>\n<p>Consent Manager-udbyderen bruges til at opn\u00e5 det lovligt kr\u00e6vede samtykke til brugen af cookies. Retsgrundlaget herfor er artikel 6, stk. 1 s. 1 t\u00e6ndt c GDPR.<\/p>\n<h4>Kontrakt til ordrebehandling<\/h4>\n<p>Vi har indg\u00e5et en ordrebehandlingsaftale med leverand\u00f8ren af tilladelsesadministrator. Dette er en kontrakt, der er fastsat i databeskyttelsesloven, der sikrer, at udbyderen af samtykkeadministrator kun behandler vores bes\u00f8gende p\u00e5 hjemmesiden i overensstemmelse med vores instruktioner og i overensstemmelse med GDPR.<\/p>\n<h3>Serverlogfiler<\/h3>\n<p>Udbyderen af siderne indsamler og gemmer automatisk oplysninger i s\u00e5kaldte serverlogfiler, som din browser automatisk sender til os. Disse er:<\/p>\n<ul>\n<li>Browser type og browser version<\/li>\n<li>det anvendte operativsystem<\/li>\n<li>Henvisnings-URL<\/li>\n<li>V\u00e6rtsnavn p\u00e5 den computer, der har adgang til<\/li>\n<li>Tid for serveranmodning<\/li>\n<li>IP-adresse<\/li>\n<\/ul>\n<p>Disse data flettes ikke med andre datakilder.<\/p>\n<p>Disse data registreres p\u00e5 grundlag af artikel 6, stk. 1 lit. f GDPR. Webstedsoperat\u00f8ren har en legitim interesse i den teknisk fejlfri pr\u00e6sentation og optimering af sit websted &#8211; serverlogfiler skal registreres for dette.<\/p>\n<h3>Kontaktformular<\/h3>\n<p>Hvis du sender os foresp\u00f8rgsler ved hj\u00e6lp af kontaktformularen, gemmes dine oplysninger fra foresp\u00f8rgselsformularen, herunder de kontaktoplysninger, du har angivet der, af os med henblik p\u00e5 behandling af anmodningen og i tilf\u00e6lde af opf\u00f8lgningssp\u00f8rgsm\u00e5l. Vi videregiver ikke disse data uden dit samtykke.<\/p>\n<p>Disse data behandles p\u00e5 grundlag af artikel 6, stk. 1 lit. b GDPR, hvis din anmodning er relateret til udf\u00f8relsen af en kontrakt eller er n\u00f8dvendig for at udf\u00f8re foranstaltninger inden for kontraktforholdet. I alle andre tilf\u00e6lde er behandlingen baseret p\u00e5 vores legitime interesse i effektiv behandling af de henvendelser, der er sendt til os (art. 6 stk. 1 lit. f GDPR) eller p\u00e5 dit samtykke (art. 6 stk. 1 lit. en GDPR). ) hvis dette blev spurgt.<\/p>\n<p>De data, du indtaster i kontaktformularen, forbliver hos os, indtil du beder os om at slette dem, tilbagekalde dit samtykke til opbevaring eller form\u00e5let med datalagring ikke l\u00e6ngere g\u00e6lder (f.eks. Efter din anmodning er behandlet). Obligatoriske lovbestemmelser &#8211; is\u00e6r opbevaringsperioder &#8211; forbliver up\u00e5virket.<\/p>\n<h3>Foresp\u00f8rgsler via e-mail, telefon eller fax<\/h3>\n<p>Hvis du kontakter os via e-mail, telefon eller fax, bliver din anmodning, inklusive alle personlige data, der stammer fra den (navn, anmodning), gemt og behandlet af os med henblik p\u00e5 behandling af din anmodning. Vi videregiver ikke disse data uden dit samtykke.<\/p>\n<p>Disse data behandles p\u00e5 grundlag af artikel 6, stk. 1 lit. b GDPR, hvis din anmodning er relateret til udf\u00f8relsen af en kontrakt eller er n\u00f8dvendig for at udf\u00f8re foranstaltninger inden for kontraktforholdet. I alle andre tilf\u00e6lde er behandlingen baseret p\u00e5 vores legitime interesse i effektiv behandling af de henvendelser, der er sendt til os (art. 6 stk. 1 lit. f GDPR) eller p\u00e5 dit samtykke (art. 6 stk. 1 lit. en GDPR). ) hvis dette blev spurgt.<\/p>\n<p>De data, du sender til os via kontaktanmodninger, forbliver hos os, indtil du beder os om at slette dem, tilbagekalde dit samtykke til opbevaring eller form\u00e5let med datalagring g\u00e6lder ikke l\u00e6ngere (f.eks. Efter at din anmodning er behandlet). Obligatoriske lovbestemmelser &#8211; is\u00e6r lovbestemte opbevaringsperioder &#8211; forbliver up\u00e5virket.<\/p>\n<h2>5. Plugins og v\u00e6rkt\u00f8jer<\/h2>\n<h3>Google Web Fonts (lokal hosting)<\/h3>\n<p>Denne side bruger s\u00e5kaldte webskrifttyper, som leveres af Google, til ensartet visning af skrifttyper. Google-skrifttyperne er installeret lokalt. Der er ingen forbindelse til Google-servere.<\/p>\n<p>For mere information om Google Web Fonts, se<a href=\"https:\/\/developers.google.com\/fonts\/faq\" target=\"_blank\" rel=\"noopener noreferrer\"> https:\/\/developers.google.com\/fonts\/faq<\/a> og i Googles privatlivspolitik:<a href=\"https:\/\/policies.google.com\/privacy?hl=de\" target=\"_blank\" rel=\"noopener noreferrer\"> https:\/\/policies.google.com\/privacy?hl=de<\/a> .<\/p>\t\t\t\t\t\t\t\t<\/div>\n\t\t\t\t\t<\/div>\n\t\t<\/div>\n\t\t\t\t\t<\/div>\n\t\t<\/section>\n\t\t\t\t<\/div>\n\t\t","protected":false},"excerpt":{"rendered":"<p>Data beskyttelse 1. Databeskyttelse p\u00e5 et \u00f8jeblik Generel information F\u00f8lgende oplysninger giver et simpelt overblik over, hvad der sker med dine personlige data, n\u00e5r du bes\u00f8ger dette websted. Personlige data er alle data, som du personligt kan identificeres med. Detaljerede oplysninger om emnet databeskyttelse kan findes i vores databeskyttelseserkl\u00e6ring, der er anf\u00f8rt nedenfor denne tekst. [&hellip;]<\/p>\n","protected":false},"author":1,"featured_media":0,"parent":0,"menu_order":0,"comment_status":"closed","ping_status":"open","template":"elementor_header_footer","meta":{"footnotes":""},"class_list":["post-5333","page","type-page","status-publish","hentry"],"_links":{"self":[{"href":"https:\/\/oekocup.de\/da\/wp-json\/wp\/v2\/pages\/5333","targetHints":{"allow":["GET"]}}],"collection":[{"href":"https:\/\/oekocup.de\/da\/wp-json\/wp\/v2\/pages"}],"about":[{"href":"https:\/\/oekocup.de\/da\/wp-json\/wp\/v2\/types\/page"}],"author":[{"embeddable":true,"href":"https:\/\/oekocup.de\/da\/wp-json\/wp\/v2\/users\/1"}],"replies":[{"embeddable":true,"href":"https:\/\/oekocup.de\/da\/wp-json\/wp\/v2\/comments?post=5333"}],"version-history":[{"count":6,"href":"https:\/\/oekocup.de\/da\/wp-json\/wp\/v2\/pages\/5333\/revisions"}],"predecessor-version":[{"id":7511,"href":"https:\/\/oekocup.de\/da\/wp-json\/wp\/v2\/pages\/5333\/revisions\/7511"}],"wp:attachment":[{"href":"https:\/\/oekocup.de\/da\/wp-json\/wp\/v2\/media?parent=5333"}],"curies":[{"name":"wp","href":"https:\/\/api.w.org\/{rel}","templated":true}]}}