{"id":5337,"date":"2021-04-11T18:04:19","date_gmt":"2021-04-11T16:04:19","guid":{"rendered":"https:\/\/oekocup.de\/aftryk\/"},"modified":"2024-02-12T13:19:04","modified_gmt":"2024-02-12T12:19:04","slug":"aftryk","status":"publish","type":"page","link":"https:\/\/oekocup.de\/da\/aftryk\/","title":{"rendered":"aftryk"},"content":{"rendered":"\t\t<div data-elementor-type=\"wp-page\" data-elementor-id=\"5337\" class=\"elementor elementor-5337 elementor-284\" data-elementor-post-type=\"page\">\n\t\t\t\t\t\t<section class=\"elementor-section elementor-top-section elementor-element elementor-element-b22cebf elementor-section-boxed elementor-section-height-default elementor-section-height-default\" data-id=\"b22cebf\" data-element_type=\"section\" data-e-type=\"section\">\n\t\t\t\t\t\t<div class=\"elementor-container elementor-column-gap-default\">\n\t\t\t\t\t<div class=\"elementor-column elementor-col-100 elementor-top-column elementor-element elementor-element-f3e3999\" data-id=\"f3e3999\" data-element_type=\"column\" data-e-type=\"column\">\n\t\t\t<div class=\"elementor-widget-wrap elementor-element-populated\">\n\t\t\t\t\t\t<div class=\"elementor-element elementor-element-421174e elementor-widget elementor-widget-text-editor\" data-id=\"421174e\" data-element_type=\"widget\" data-e-type=\"widget\" data-widget_type=\"text-editor.default\">\n\t\t\t\t\t\t\t\t\t<h1>aftryk<\/h1><h2>I henhold til \u00a7 5 TMG<\/h2><p>moBrands GmbH<br \/>Apostel-Paulus-Strasse 35<br \/>10823 Berlin<\/p><p>Handelsregister: HRB 163140 Berlin<br \/>Registerret: Tingret Berlin Charlottenburg<\/p><p><strong>Repr\u00e6senteret af:<\/strong><br \/>Ines Findewirth, Oliver Findewirth<\/p><h2>Kontakt<\/h2><p>Telefon: + 49-30-2061488-0<br \/>Fax: + 49-30-40375374<br \/>E-mail: mein@oekocup.de<\/p><h2>Skatte ID<\/h2><p>Moms-identifikationsnummer i henhold til \u00a7 27 a lov om moms:<br \/>DE815541548<\/p><h2>EU tvistbil\u00e6ggelse<\/h2><p>Europa-Kommissionen giver en platform til online tvistbil\u00e6ggelse:<a href=\"https:\/\/ec.europa.eu\/consumers\/odr\" target=\"_blank\" rel=\"noopener noreferrer\"> https:\/\/ec.europa.eu\/consumers\/odr<\/a> .<br \/>Du kan finde vores e-mail-adresse i den juridiske meddelelse ovenfor.<\/p><h2>Forligstvistbil\u00e6ggelse \/ universal voldgiftsnemnd<\/h2><p>Vi deltager i en tvistbil\u00e6ggelsesprocedure for et voldgiftsn\u00e6vn. Det universelle voldgiftsudvalg for Center for Arbitration eV, Stra\u00dfburger Stra\u00dfe 8, 77694 Kehl am Rhein (<a href=\"https:\/\/www.verbraucher-schlichter.de\" target=\"_blank\" rel=\"noopener noreferrer\"> https:\/\/www.verbrauch-schlichter.de<\/a> ).<\/p><h3>Ansvar for indhold<\/h3><p>Som tjenesteudbyder er vi i overensstemmelse med afsnit 7 (1) TMG er ansvarlig for sit eget indhold p\u00e5 disse sider i overensstemmelse med almindelig lovgivning. I henhold til \u00a7\u00a7 8 til 10 TMG er vi som tjenesteudbyder ikke forpligtet til at overv\u00e5ge transmitterede eller lagrede tredjepartsoplysninger eller til at unders\u00f8ge omst\u00e6ndigheder, der indikerer ulovlig aktivitet.<\/p><p>Forpligtelser til at fjerne eller blokere brugen af oplysninger i henhold til generelle love forbliver up\u00e5virket. Ansvar i denne henseende er dog kun mulig fra det tidspunkt, hvor vi bliver opm\u00e6rksomme p\u00e5 en specifik juridisk overtr\u00e6delse. S\u00e5 snart vi bliver opm\u00e6rksomme p\u00e5 s\u00e5danne juridiske overtr\u00e6delser, fjerner vi dette indhold med det samme.<\/p><h3>Ansvar for links<\/h3><p>Vores tilbud indeholder links til eksterne tredjepartswebsteder, hvis indhold vi ikke har indflydelse p\u00e5. Derfor kan vi ikke p\u00e5tage os noget ansvar for dette tredjepartsindhold. Den respektive udbyder eller operat\u00f8r af siderne er altid ansvarlig for indholdet af de linkede sider. De linkede sider blev kontrolleret for mulige juridiske overtr\u00e6delser p\u00e5 det tidspunkt, de blev linket. Intet ulovligt indhold blev fundet p\u00e5 det tidspunkt, hvor linket blev oprettet.<\/p><p>Imidlertid er permanent overv\u00e5gning af indholdet af de linkede sider urimelig uden konkrete beviser for en overtr\u00e6delse af loven. S\u00e5 snart vi bliver opm\u00e6rksomme p\u00e5 juridiske overtr\u00e6delser, fjerner vi s\u00e5danne links med det samme.<\/p><h3>ophavsret<\/h3><p>Indholdet og v\u00e6rkerne p\u00e5 disse sider oprettet af webstedsoperat\u00f8ren er underlagt tysk lov om ophavsret. Kopiering, behandling, distribution og enhver form for udnyttelse uden for rammerne af loven om ophavsret kr\u00e6ver skriftligt samtykke fra den respektive forfatter eller skaber. Downloads og kopier af dette websted er kun tilladt til privat, ikke-kommerciel brug.<\/p><p>For s\u00e5 vidt indholdet p\u00e5 dette websted ikke blev oprettet af operat\u00f8ren, overholdes tredjeparts ophavsret. Is\u00e6r indholdet af tredjeparter er markeret som s\u00e5dan. Hvis du alligevel bliver opm\u00e6rksom p\u00e5 en overtr\u00e6delse af ophavsretten, beder vi dig om at underrette os herom. Hvis vi bliver opm\u00e6rksomme p\u00e5 juridiske overtr\u00e6delser, fjerner vi s\u00e5dant indhold med det samme.<\/p><h3>Fotokreditter<\/h3><p>&#8211; Janifest (# 130158669 fra Adobe Stock)<br \/>&#8211; Paopano (# 265140005 fra Adobe Stock)<br \/>&#8211; Spiderstock (nr. 498734033 fra iStockPhoto)<br \/>&#8211; RossHelen (nr. 1004345952 fra iStockPhoto)<\/p>\t\t\t\t\t\t\t\t<\/div>\n\t\t\t\t\t<\/div>\n\t\t<\/div>\n\t\t\t\t\t<\/div>\n\t\t<\/section>\n\t\t\t\t<\/div>\n\t\t","protected":false},"excerpt":{"rendered":"<p>aftryk I henhold til \u00a7 5 TMG moBrands GmbHApostel-Paulus-Strasse 3510823 Berlin Handelsregister: HRB 163140 BerlinRegisterret: Tingret Berlin Charlottenburg Repr\u00e6senteret af:Ines Findewirth, Oliver Findewirth Kontakt Telefon: + 49-30-2061488-0Fax: + 49-30-40375374E-mail: mein@oekocup.de Skatte ID Moms-identifikationsnummer i henhold til \u00a7 27 a lov om moms:DE815541548 EU tvistbil\u00e6ggelse Europa-Kommissionen giver en platform til online tvistbil\u00e6ggelse: https:\/\/ec.europa.eu\/consumers\/odr .Du kan finde [&hellip;]<\/p>\n","protected":false},"author":1,"featured_media":0,"parent":0,"menu_order":0,"comment_status":"closed","ping_status":"closed","template":"elementor_header_footer","meta":{"footnotes":""},"class_list":["post-5337","page","type-page","status-publish","hentry"],"_links":{"self":[{"href":"https:\/\/oekocup.de\/da\/wp-json\/wp\/v2\/pages\/5337","targetHints":{"allow":["GET"]}}],"collection":[{"href":"https:\/\/oekocup.de\/da\/wp-json\/wp\/v2\/pages"}],"about":[{"href":"https:\/\/oekocup.de\/da\/wp-json\/wp\/v2\/types\/page"}],"author":[{"embeddable":true,"href":"https:\/\/oekocup.de\/da\/wp-json\/wp\/v2\/users\/1"}],"replies":[{"embeddable":true,"href":"https:\/\/oekocup.de\/da\/wp-json\/wp\/v2\/comments?post=5337"}],"version-history":[{"count":9,"href":"https:\/\/oekocup.de\/da\/wp-json\/wp\/v2\/pages\/5337\/revisions"}],"predecessor-version":[{"id":7480,"href":"https:\/\/oekocup.de\/da\/wp-json\/wp\/v2\/pages\/5337\/revisions\/7480"}],"wp:attachment":[{"href":"https:\/\/oekocup.de\/da\/wp-json\/wp\/v2\/media?parent=5337"}],"curies":[{"name":"wp","href":"https:\/\/api.w.org\/{rel}","templated":true}]}}